{"id":22,"date":"2021-03-26T13:39:44","date_gmt":"2021-03-26T13:39:44","guid":{"rendered":"https:\/\/revista-prolegomene.cunbm.utcluj.ro\/?page_id=22"},"modified":"2023-04-03T10:31:38","modified_gmt":"2023-04-03T10:31:38","slug":"revista-prolegomene","status":"publish","type":"page","link":"https:\/\/revista-prolegomene.cunbm.utcluj.ro\/","title":{"rendered":""},"content":{"rendered":"\n<p>Revista <strong><em>Prolegomene<\/em><\/strong> este o publica\u021bie care apare sub egida \u0218colii Doctorale a UTCN &#8211; domeniul \u0218tiin\u021be Umaniste \u0219i a Facult\u0103\u021bii de Litere, din cadrul Centrului Universitar Nord Baia Mare. Este destinat\u0103 public\u0103rii contribu\u021biilor \u0219tiin\u021bifice ale studen\u021bilor doctoranzi \u0219i ale speciali\u0219tilor, \u00een principal din domeniile filologie \/ filosofie.<\/p>\n\n\n<div class=\"wp-block-image\">\n<figure class=\"aligncenter size-full\"><img loading=\"lazy\" decoding=\"async\" width=\"236\" height=\"350\" src=\"https:\/\/revista-prolegomene.cunbm.utcluj.ro\/wp-content\/uploads\/2023\/04\/prolegomene-2022-coperta-mic.jpg\" alt=\"\" class=\"wp-image-110\" srcset=\"https:\/\/revista-prolegomene.cunbm.utcluj.ro\/wp-content\/uploads\/2023\/04\/prolegomene-2022-coperta-mic.jpg 236w, https:\/\/revista-prolegomene.cunbm.utcluj.ro\/wp-content\/uploads\/2023\/04\/prolegomene-2022-coperta-mic-202x300.jpg 202w\" sizes=\"auto, (max-width: 236px) 100vw, 236px\" \/><figcaption class=\"wp-element-caption\">nr. 5\/2022<\/figcaption><\/figure>\n<\/div>\n\n\n<p>Revista are o apari\u021bie anual\u0103, \u00eencep\u00e2nd din 2019. Este structurat\u0103 \u00een patru sec\u021biuni tematice:<\/p>\n\n\n\n<ol class=\"wp-block-list\" type=\"a\">\n<li><em>critic\u0103 \u0219i istorie literar\u0103<\/em><\/li>\n\n\n\n<li><em>filosofie \u0219i studii culturale<\/em><\/li>\n\n\n\n<li><em>lingvistic\u0103<\/em><\/li>\n\n\n\n<li><em>recenzii \u0219i alte consemn\u0103ri<\/em><\/li>\n<\/ol>\n\n\n\n<p>\u00cen paginile revistei pot fi g\u0103zduite contribu\u021bii \u0219tiin\u021bifice ale unor autori din \u021bar\u0103 \u0219i str\u0103in\u0103tate, \u00een acord cu profilul tematic \u0219i cu nivelul de exigen\u021b\u0103 al revistei.<\/p>\n\n\n\n<p>Revista <strong><em>Prolegomene <\/em><\/strong>are colegiul \u0219tiin\u021bific \u0219i echip\u0103 redac\u021bional\u0103. Este propus\u0103 spre indexare BDI-CEEOL.<\/p>\n","protected":false},"excerpt":{"rendered":"<p>Revista Prolegomene este o publica\u021bie care apare sub egida \u0218colii Doctorale a UTCN &#8211; domeniul \u0218tiin\u021be Umaniste \u0219i a Facult\u0103\u021bii de Litere, din cadrul Centrului Universitar Nord Baia Mare. Este destinat\u0103 public\u0103rii contribu\u021biilor \u0219tiin\u021bifice ale studen\u021bilor doctoranzi \u0219i ale speciali\u0219tilor, \u00een principal din domeniile filologie \/ filosofie. Revista are o apari\u021bie anual\u0103, \u00eencep\u00e2nd din 2019. Este structurat\u0103 \u00een patru sec\u021biuni tematice: \u00cen paginile revistei pot fi g\u0103zduite contribu\u021bii \u0219tiin\u021bifice ale<\/p>\n<div class=\"belowpost\"><a class=\"btnmore\" href=\"https:\/\/revista-prolegomene.cunbm.utcluj.ro\/\">Read More<\/a><\/div>\n","protected":false},"author":1,"featured_media":0,"parent":0,"menu_order":0,"comment_status":"closed","ping_status":"closed","template":"","meta":{"footnotes":""},"class_list":["post-22","page","type-page","status-publish","hentry"],"_links":{"self":[{"href":"https:\/\/revista-prolegomene.cunbm.utcluj.ro\/index.php\/wp-json\/wp\/v2\/pages\/22","targetHints":{"allow":["GET"]}}],"collection":[{"href":"https:\/\/revista-prolegomene.cunbm.utcluj.ro\/index.php\/wp-json\/wp\/v2\/pages"}],"about":[{"href":"https:\/\/revista-prolegomene.cunbm.utcluj.ro\/index.php\/wp-json\/wp\/v2\/types\/page"}],"author":[{"embeddable":true,"href":"https:\/\/revista-prolegomene.cunbm.utcluj.ro\/index.php\/wp-json\/wp\/v2\/users\/1"}],"replies":[{"embeddable":true,"href":"https:\/\/revista-prolegomene.cunbm.utcluj.ro\/index.php\/wp-json\/wp\/v2\/comments?post=22"}],"version-history":[{"count":11,"href":"https:\/\/revista-prolegomene.cunbm.utcluj.ro\/index.php\/wp-json\/wp\/v2\/pages\/22\/revisions"}],"predecessor-version":[{"id":115,"href":"https:\/\/revista-prolegomene.cunbm.utcluj.ro\/index.php\/wp-json\/wp\/v2\/pages\/22\/revisions\/115"}],"wp:attachment":[{"href":"https:\/\/revista-prolegomene.cunbm.utcluj.ro\/index.php\/wp-json\/wp\/v2\/media?parent=22"}],"curies":[{"name":"wp","href":"https:\/\/api.w.org\/{rel}","templated":true}]}}